{"id":19,"date":"2026-01-07T15:55:57","date_gmt":"2026-01-07T15:55:57","guid":{"rendered":"https:\/\/residente.cl\/?page_id=19"},"modified":"2026-01-20T19:27:48","modified_gmt":"2026-01-20T19:27:48","slug":"acerca-de","status":"publish","type":"page","link":"https:\/\/residente.cl\/?page_id=19","title":{"rendered":"Quienes Somos"},"content":{"rendered":"\n<p>Residente es una consultora para la acci\u00f3n urbana, cultural y patrimonial liderada por Bernardo Vald\u00e9s<\/p>\n\n\n\n<p>Trabajamos en el cruce entre ciudad, territorio y cultura, desarrollando proyectos que integran dise\u00f1o espacial, planificaci\u00f3n estrat\u00e9gica, gesti\u00f3n patrimonial y experiencias para las comunidades. <\/p>\n\n\n\n<p>Nuestro trabajo combina an\u00e1lisis profundo, sensibilidad creativa y metodolog\u00edas transdisciplinares para generar lugares que son culturalmente relevantes y socialmente significativos.<\/p>\n\n\n\n<p><\/p>\n","protected":false},"excerpt":{"rendered":"<p>Residente es una consultora para la acci\u00f3n urbana, cultural y patrimonial liderada por Bernardo Vald\u00e9s Trabajamos en el cruce entre ciudad, territorio y cultura, desarrollando proyectos que integran dise\u00f1o espacial, planificaci\u00f3n estrat\u00e9gica, gesti\u00f3n patrimonial y experiencias para las comunidades. Nuestro trabajo combina an\u00e1lisis profundo, sensibilidad creativa y metodolog\u00edas transdisciplinares para generar lugares que son culturalmente &hellip; <\/p>\n<p class=\"link-more\"><a href=\"https:\/\/residente.cl\/?page_id=19\" class=\"more-link\">Continua leyendo<span class=\"screen-reader-text\"> &#8220;Quienes Somos&#8221;<\/span><\/a><\/p>\n","protected":false},"author":1,"featured_media":35,"parent":0,"menu_order":0,"comment_status":"closed","ping_status":"closed","template":"","meta":{"footnotes":""},"class_list":["post-19","page","type-page","status-publish","has-post-thumbnail","hentry"],"yoast_head":"<!-- This site is optimized with the Yoast SEO plugin v26.9 - https:\/\/yoast.com\/product\/yoast-seo-wordpress\/ -->\n<title>Quienes Somos - residente<\/title>\n<meta name=\"robots\" content=\"index, follow, max-snippet:-1, max-image-preview:large, max-video-preview:-1\" \/>\n<link rel=\"canonical\" href=\"https:\/\/residente.cl\/?page_id=19\" \/>\n<meta property=\"og:locale\" content=\"es_ES\" \/>\n<meta property=\"og:type\" content=\"article\" \/>\n<meta property=\"og:title\" content=\"Quienes Somos - residente\" \/>\n<meta property=\"og:description\" content=\"Residente es una consultora para la acci\u00f3n urbana, cultural y patrimonial liderada por Bernardo Vald\u00e9s Trabajamos en el cruce entre ciudad, territorio y cultura, desarrollando proyectos que integran dise\u00f1o espacial, planificaci\u00f3n estrat\u00e9gica, gesti\u00f3n patrimonial y experiencias para las comunidades. Nuestro trabajo combina an\u00e1lisis profundo, sensibilidad creativa y metodolog\u00edas transdisciplinares para generar lugares que son culturalmente &hellip; Continua leyendo &quot;Quienes Somos&quot;\" \/>\n<meta property=\"og:url\" content=\"https:\/\/residente.cl\/?page_id=19\" \/>\n<meta property=\"og:site_name\" content=\"residente\" \/>\n<meta property=\"article:modified_time\" content=\"2026-01-20T19:27:48+00:00\" \/>\n<meta property=\"og:image\" content=\"https:\/\/residente.cl\/wp-content\/uploads\/2026\/01\/IMG_2819.jpg\" \/>\n\t<meta property=\"og:image:width\" content=\"2448\" \/>\n\t<meta property=\"og:image:height\" content=\"2448\" \/>\n\t<meta property=\"og:image:type\" content=\"image\/jpeg\" \/>\n<meta name=\"twitter:card\" content=\"summary_large_image\" \/>\n<meta name=\"twitter:label1\" content=\"Tiempo estimado de lectura\" \/>\n\t<meta name=\"twitter:data1\" content=\"1 minuto\" \/>\n<script type=\"application\/ld+json\" class=\"yoast-schema-graph\">{\"@context\":\"https:\/\/schema.org\",\"@graph\":[{\"@type\":\"WebPage\",\"@id\":\"https:\/\/residente.cl\/?page_id=19\",\"url\":\"https:\/\/residente.cl\/?page_id=19\",\"name\":\"Quienes Somos - residente\",\"isPartOf\":{\"@id\":\"https:\/\/residente.cl\/#website\"},\"primaryImageOfPage\":{\"@id\":\"https:\/\/residente.cl\/?page_id=19#primaryimage\"},\"image\":{\"@id\":\"https:\/\/residente.cl\/?page_id=19#primaryimage\"},\"thumbnailUrl\":\"https:\/\/residente.cl\/wp-content\/uploads\/2026\/01\/IMG_2819.jpg\",\"datePublished\":\"2026-01-07T15:55:57+00:00\",\"dateModified\":\"2026-01-20T19:27:48+00:00\",\"breadcrumb\":{\"@id\":\"https:\/\/residente.cl\/?page_id=19#breadcrumb\"},\"inLanguage\":\"es-CL\",\"potentialAction\":[{\"@type\":\"ReadAction\",\"target\":[\"https:\/\/residente.cl\/?page_id=19\"]}]},{\"@type\":\"ImageObject\",\"inLanguage\":\"es-CL\",\"@id\":\"https:\/\/residente.cl\/?page_id=19#primaryimage\",\"url\":\"https:\/\/residente.cl\/wp-content\/uploads\/2026\/01\/IMG_2819.jpg\",\"contentUrl\":\"https:\/\/residente.cl\/wp-content\/uploads\/2026\/01\/IMG_2819.jpg\",\"width\":2448,\"height\":2448},{\"@type\":\"BreadcrumbList\",\"@id\":\"https:\/\/residente.cl\/?page_id=19#breadcrumb\",\"itemListElement\":[{\"@type\":\"ListItem\",\"position\":1,\"name\":\"Portada\",\"item\":\"https:\/\/residente.cl\/\"},{\"@type\":\"ListItem\",\"position\":2,\"name\":\"Quienes Somos\"}]},{\"@type\":\"WebSite\",\"@id\":\"https:\/\/residente.cl\/#website\",\"url\":\"https:\/\/residente.cl\/\",\"name\":\"residente\",\"description\":\"lugares para la cultura, la ciudad y las personas\",\"publisher\":{\"@id\":\"https:\/\/residente.cl\/#organization\"},\"potentialAction\":[{\"@type\":\"SearchAction\",\"target\":{\"@type\":\"EntryPoint\",\"urlTemplate\":\"https:\/\/residente.cl\/?s={search_term_string}\"},\"query-input\":{\"@type\":\"PropertyValueSpecification\",\"valueRequired\":true,\"valueName\":\"search_term_string\"}}],\"inLanguage\":\"es-CL\"},{\"@type\":\"Organization\",\"@id\":\"https:\/\/residente.cl\/#organization\",\"name\":\"residente\",\"url\":\"https:\/\/residente.cl\/\",\"logo\":{\"@type\":\"ImageObject\",\"inLanguage\":\"es-CL\",\"@id\":\"https:\/\/residente.cl\/#\/schema\/logo\/image\/\",\"url\":\"https:\/\/residente.cl\/wp-content\/uploads\/2026\/01\/logo-residente_BLANCO_2.png\",\"contentUrl\":\"https:\/\/residente.cl\/wp-content\/uploads\/2026\/01\/logo-residente_BLANCO_2.png\",\"width\":250,\"height\":250,\"caption\":\"residente\"},\"image\":{\"@id\":\"https:\/\/residente.cl\/#\/schema\/logo\/image\/\"}}]}<\/script>\n<!-- \/ Yoast SEO plugin. -->","yoast_head_json":{"title":"Quienes Somos - residente","robots":{"index":"index","follow":"follow","max-snippet":"max-snippet:-1","max-image-preview":"max-image-preview:large","max-video-preview":"max-video-preview:-1"},"canonical":"https:\/\/residente.cl\/?page_id=19","og_locale":"es_ES","og_type":"article","og_title":"Quienes Somos - residente","og_description":"Residente es una consultora para la acci\u00f3n urbana, cultural y patrimonial liderada por Bernardo Vald\u00e9s Trabajamos en el cruce entre ciudad, territorio y cultura, desarrollando proyectos que integran dise\u00f1o espacial, planificaci\u00f3n estrat\u00e9gica, gesti\u00f3n patrimonial y experiencias para las comunidades. Nuestro trabajo combina an\u00e1lisis profundo, sensibilidad creativa y metodolog\u00edas transdisciplinares para generar lugares que son culturalmente &hellip; Continua leyendo \"Quienes Somos\"","og_url":"https:\/\/residente.cl\/?page_id=19","og_site_name":"residente","article_modified_time":"2026-01-20T19:27:48+00:00","og_image":[{"width":2448,"height":2448,"url":"https:\/\/residente.cl\/wp-content\/uploads\/2026\/01\/IMG_2819.jpg","type":"image\/jpeg"}],"twitter_card":"summary_large_image","twitter_misc":{"Tiempo estimado de lectura":"1 minuto"},"schema":{"@context":"https:\/\/schema.org","@graph":[{"@type":"WebPage","@id":"https:\/\/residente.cl\/?page_id=19","url":"https:\/\/residente.cl\/?page_id=19","name":"Quienes Somos - residente","isPartOf":{"@id":"https:\/\/residente.cl\/#website"},"primaryImageOfPage":{"@id":"https:\/\/residente.cl\/?page_id=19#primaryimage"},"image":{"@id":"https:\/\/residente.cl\/?page_id=19#primaryimage"},"thumbnailUrl":"https:\/\/residente.cl\/wp-content\/uploads\/2026\/01\/IMG_2819.jpg","datePublished":"2026-01-07T15:55:57+00:00","dateModified":"2026-01-20T19:27:48+00:00","breadcrumb":{"@id":"https:\/\/residente.cl\/?page_id=19#breadcrumb"},"inLanguage":"es-CL","potentialAction":[{"@type":"ReadAction","target":["https:\/\/residente.cl\/?page_id=19"]}]},{"@type":"ImageObject","inLanguage":"es-CL","@id":"https:\/\/residente.cl\/?page_id=19#primaryimage","url":"https:\/\/residente.cl\/wp-content\/uploads\/2026\/01\/IMG_2819.jpg","contentUrl":"https:\/\/residente.cl\/wp-content\/uploads\/2026\/01\/IMG_2819.jpg","width":2448,"height":2448},{"@type":"BreadcrumbList","@id":"https:\/\/residente.cl\/?page_id=19#breadcrumb","itemListElement":[{"@type":"ListItem","position":1,"name":"Portada","item":"https:\/\/residente.cl\/"},{"@type":"ListItem","position":2,"name":"Quienes Somos"}]},{"@type":"WebSite","@id":"https:\/\/residente.cl\/#website","url":"https:\/\/residente.cl\/","name":"residente","description":"lugares para la cultura, la ciudad y las personas","publisher":{"@id":"https:\/\/residente.cl\/#organization"},"potentialAction":[{"@type":"SearchAction","target":{"@type":"EntryPoint","urlTemplate":"https:\/\/residente.cl\/?s={search_term_string}"},"query-input":{"@type":"PropertyValueSpecification","valueRequired":true,"valueName":"search_term_string"}}],"inLanguage":"es-CL"},{"@type":"Organization","@id":"https:\/\/residente.cl\/#organization","name":"residente","url":"https:\/\/residente.cl\/","logo":{"@type":"ImageObject","inLanguage":"es-CL","@id":"https:\/\/residente.cl\/#\/schema\/logo\/image\/","url":"https:\/\/residente.cl\/wp-content\/uploads\/2026\/01\/logo-residente_BLANCO_2.png","contentUrl":"https:\/\/residente.cl\/wp-content\/uploads\/2026\/01\/logo-residente_BLANCO_2.png","width":250,"height":250,"caption":"residente"},"image":{"@id":"https:\/\/residente.cl\/#\/schema\/logo\/image\/"}}]}},"_links":{"self":[{"href":"https:\/\/residente.cl\/index.php?rest_route=\/wp\/v2\/pages\/19","targetHints":{"allow":["GET"]}}],"collection":[{"href":"https:\/\/residente.cl\/index.php?rest_route=\/wp\/v2\/pages"}],"about":[{"href":"https:\/\/residente.cl\/index.php?rest_route=\/wp\/v2\/types\/page"}],"author":[{"embeddable":true,"href":"https:\/\/residente.cl\/index.php?rest_route=\/wp\/v2\/users\/1"}],"replies":[{"embeddable":true,"href":"https:\/\/residente.cl\/index.php?rest_route=%2Fwp%2Fv2%2Fcomments&post=19"}],"version-history":[{"count":7,"href":"https:\/\/residente.cl\/index.php?rest_route=\/wp\/v2\/pages\/19\/revisions"}],"predecessor-version":[{"id":116,"href":"https:\/\/residente.cl\/index.php?rest_route=\/wp\/v2\/pages\/19\/revisions\/116"}],"wp:featuredmedia":[{"embeddable":true,"href":"https:\/\/residente.cl\/index.php?rest_route=\/wp\/v2\/media\/35"}],"wp:attachment":[{"href":"https:\/\/residente.cl\/index.php?rest_route=%2Fwp%2Fv2%2Fmedia&parent=19"}],"curies":[{"name":"wp","href":"https:\/\/api.w.org\/{rel}","templated":true}]}}